{"id":8433,"date":"2023-10-30T07:24:50","date_gmt":"2023-10-30T07:24:50","guid":{"rendered":"https:\/\/krabigrupp.ee\/pingid2"},"modified":"2024-01-05T19:12:16","modified_gmt":"2024-01-05T19:12:16","slug":"pingid2","status":"publish","type":"page","link":"https:\/\/krabigrupp.ee\/en\/pingid2","title":{"rendered":"Pingid2"},"content":{"rendered":"\t\t<div data-elementor-type=\"wp-page\" data-elementor-id=\"8433\" class=\"elementor elementor-8433 elementor-3815\" data-elementor-post-type=\"page\">\n\t\t\t\t<div class=\"elementor-element elementor-element-a6125c7 e-flex e-con-boxed wpr-particle-no wpr-jarallax-no wpr-parallax-no wpr-sticky-section-no wpr-column-slider-no wpr-equal-height-no e-con e-parent\" data-id=\"a6125c7\" data-element_type=\"container\" data-e-type=\"container\">\n\t\t\t\t\t<div class=\"e-con-inner\">\n\t\t\t\t<div class=\"elementor-element elementor-element-5788947 elementor-widget elementor-widget-heading\" data-id=\"5788947\" data-element_type=\"widget\" data-e-type=\"widget\" data-widget_type=\"heading.default\">\n\t\t\t\t<div class=\"elementor-widget-container\">\n\t\t\t\t\t<h1 class=\"elementor-heading-title elementor-size-default\">A beautiful, affordable, comfortable bench with a strong construction. Photos<\/h1>\t\t\t\t<\/div>\n\t\t\t\t<\/div>\n\t\t<div class=\"elementor-element elementor-element-51246bc e-flex e-con-boxed wpr-particle-no wpr-jarallax-no wpr-parallax-no wpr-sticky-section-no wpr-column-slider-no wpr-equal-height-no e-con e-child\" data-id=\"51246bc\" data-element_type=\"container\" data-e-type=\"container\">\n\t\t\t\t\t<div class=\"e-con-inner\">\n\t\t<div class=\"elementor-element elementor-element-f09b1e4 e-flex e-con-boxed wpr-particle-no wpr-jarallax-no wpr-parallax-no wpr-sticky-section-no wpr-column-slider-no wpr-equal-height-no e-con e-child\" data-id=\"f09b1e4\" data-element_type=\"container\" data-e-type=\"container\">\n\t\t\t\t\t<div class=\"e-con-inner\">\n\t\t\t\t<div class=\"elementor-element elementor-element-e173a28 elementor-widget elementor-widget-heading\" data-id=\"e173a28\" data-element_type=\"widget\" data-e-type=\"widget\" data-widget_type=\"heading.default\">\n\t\t\t\t<div class=\"elementor-widget-container\">\n\t\t\t\t\t<h4 class=\"elementor-heading-title elementor-size-default\">Concrete: light grey exposed aggregate concrete, wood: rowan wood oil, Tallinn 2017\n<\/h4>\t\t\t\t<\/div>\n\t\t\t\t<\/div>\n\t\t\t\t<div class=\"elementor-element elementor-element-661724e elementor-widget elementor-widget-image\" data-id=\"661724e\" data-element_type=\"widget\" data-e-type=\"widget\" data-widget_type=\"image.default\">\n\t\t\t\t<div class=\"elementor-widget-container\">\n\t\t\t\t\t\t\t\t\t\t\t\t\t\t\t<img fetchpriority=\"high\" decoding=\"async\" width=\"1024\" height=\"768\" src=\"https:\/\/krabigrupp.ee\/wp-content\/uploads\/2023\/10\/IMG_20180507_093742_1.jpg\" class=\"attachment-full size-full wp-image-7771\" alt=\"\" srcset=\"https:\/\/krabigrupp.ee\/wp-content\/uploads\/2023\/10\/IMG_20180507_093742_1.jpg 1024w, https:\/\/krabigrupp.ee\/wp-content\/uploads\/2023\/10\/IMG_20180507_093742_1-300x225.jpg 300w, https:\/\/krabigrupp.ee\/wp-content\/uploads\/2023\/10\/IMG_20180507_093742_1-768x576.jpg 768w, https:\/\/krabigrupp.ee\/wp-content\/uploads\/2023\/10\/IMG_20180507_093742_1-600x450.jpg 600w\" sizes=\"(max-width: 1024px) 100vw, 1024px\" \/>\t\t\t\t\t\t\t\t\t\t\t\t\t\t\t<\/div>\n\t\t\t\t<\/div>\n\t\t\t\t<div class=\"elementor-element elementor-element-70e9a4c elementor-widget elementor-widget-image\" data-id=\"70e9a4c\" data-element_type=\"widget\" data-e-type=\"widget\" data-widget_type=\"image.default\">\n\t\t\t\t<div class=\"elementor-widget-container\">\n\t\t\t\t\t\t\t\t\t\t\t\t\t\t\t<img decoding=\"async\" width=\"1024\" height=\"768\" src=\"https:\/\/krabigrupp.ee\/wp-content\/uploads\/2023\/10\/IMG_20180507_093807_1.jpg\" class=\"attachment-full size-full wp-image-7772\" alt=\"\" srcset=\"https:\/\/krabigrupp.ee\/wp-content\/uploads\/2023\/10\/IMG_20180507_093807_1.jpg 1024w, https:\/\/krabigrupp.ee\/wp-content\/uploads\/2023\/10\/IMG_20180507_093807_1-300x225.jpg 300w, https:\/\/krabigrupp.ee\/wp-content\/uploads\/2023\/10\/IMG_20180507_093807_1-768x576.jpg 768w, https:\/\/krabigrupp.ee\/wp-content\/uploads\/2023\/10\/IMG_20180507_093807_1-600x450.jpg 600w\" sizes=\"(max-width: 1024px) 100vw, 1024px\" \/>\t\t\t\t\t\t\t\t\t\t\t\t\t\t\t<\/div>\n\t\t\t\t<\/div>\n\t\t\t\t<div class=\"elementor-element elementor-element-169c276 elementor-widget elementor-widget-image\" data-id=\"169c276\" data-element_type=\"widget\" data-e-type=\"widget\" data-widget_type=\"image.default\">\n\t\t\t\t<div class=\"elementor-widget-container\">\n\t\t\t\t\t\t\t\t\t\t\t\t\t\t\t<img decoding=\"async\" width=\"1024\" height=\"768\" src=\"https:\/\/krabigrupp.ee\/wp-content\/uploads\/2023\/10\/IMG_20180507_093941_1.jpg\" class=\"attachment-full size-full wp-image-7773\" alt=\"\" srcset=\"https:\/\/krabigrupp.ee\/wp-content\/uploads\/2023\/10\/IMG_20180507_093941_1.jpg 1024w, https:\/\/krabigrupp.ee\/wp-content\/uploads\/2023\/10\/IMG_20180507_093941_1-300x225.jpg 300w, https:\/\/krabigrupp.ee\/wp-content\/uploads\/2023\/10\/IMG_20180507_093941_1-768x576.jpg 768w, https:\/\/krabigrupp.ee\/wp-content\/uploads\/2023\/10\/IMG_20180507_093941_1-600x450.jpg 600w\" sizes=\"(max-width: 1024px) 100vw, 1024px\" \/>\t\t\t\t\t\t\t\t\t\t\t\t\t\t\t<\/div>\n\t\t\t\t<\/div>\n\t\t\t\t\t<\/div>\n\t\t\t\t<\/div>\n\t\t<div class=\"elementor-element elementor-element-1bc3073 e-flex e-con-boxed wpr-particle-no wpr-jarallax-no wpr-parallax-no wpr-sticky-section-no wpr-column-slider-no wpr-equal-height-no e-con e-child\" data-id=\"1bc3073\" data-element_type=\"container\" data-e-type=\"container\">\n\t\t\t\t\t<div class=\"e-con-inner\">\n\t\t\t\t<div class=\"elementor-element elementor-element-d34a615 elementor-widget elementor-widget-heading\" data-id=\"d34a615\" data-element_type=\"widget\" data-e-type=\"widget\" data-widget_type=\"heading.default\">\n\t\t\t\t<div class=\"elementor-widget-container\">\n\t\t\t\t\t<h4 class=\"elementor-heading-title elementor-size-default\">Concrete: grey granite exposed aggregate concrete, wood: walnut wood oil, Harju County, Peetri 2008<\/h4>\t\t\t\t<\/div>\n\t\t\t\t<\/div>\n\t\t\t\t<div class=\"elementor-element elementor-element-1e8935a elementor-widget elementor-widget-image\" data-id=\"1e8935a\" data-element_type=\"widget\" data-e-type=\"widget\" data-widget_type=\"image.default\">\n\t\t\t\t<div class=\"elementor-widget-container\">\n\t\t\t\t\t\t\t\t\t\t\t\t\t\t\t<img loading=\"lazy\" decoding=\"async\" width=\"1280\" height=\"960\" src=\"https:\/\/krabigrupp.ee\/wp-content\/uploads\/2023\/10\/IMG_20180727_120649.jpg\" class=\"attachment-full size-full wp-image-7774\" alt=\"\" srcset=\"https:\/\/krabigrupp.ee\/wp-content\/uploads\/2023\/10\/IMG_20180727_120649.jpg 1280w, https:\/\/krabigrupp.ee\/wp-content\/uploads\/2023\/10\/IMG_20180727_120649-300x225.jpg 300w, https:\/\/krabigrupp.ee\/wp-content\/uploads\/2023\/10\/IMG_20180727_120649-1024x768.jpg 1024w, https:\/\/krabigrupp.ee\/wp-content\/uploads\/2023\/10\/IMG_20180727_120649-768x576.jpg 768w, https:\/\/krabigrupp.ee\/wp-content\/uploads\/2023\/10\/IMG_20180727_120649-600x450.jpg 600w\" sizes=\"(max-width: 1280px) 100vw, 1280px\" \/>\t\t\t\t\t\t\t\t\t\t\t\t\t\t\t<\/div>\n\t\t\t\t<\/div>\n\t\t\t\t\t<\/div>\n\t\t\t\t<\/div>\n\t\t<div class=\"elementor-element elementor-element-93d39ab e-flex e-con-boxed wpr-particle-no wpr-jarallax-no wpr-parallax-no wpr-sticky-section-no wpr-column-slider-no wpr-equal-height-no e-con e-child\" data-id=\"93d39ab\" data-element_type=\"container\" data-e-type=\"container\">\n\t\t\t\t\t<div class=\"e-con-inner\">\n\t\t\t\t<div class=\"elementor-element elementor-element-57e9e3b elementor-widget elementor-widget-heading\" data-id=\"57e9e3b\" data-element_type=\"widget\" data-e-type=\"widget\" data-widget_type=\"heading.default\">\n\t\t\t\t<div class=\"elementor-widget-container\">\n\t\t\t\t\t<h4 class=\"elementor-heading-title elementor-size-default\">Turba, Harju County 2016<\/h4>\t\t\t\t<\/div>\n\t\t\t\t<\/div>\n\t\t\t\t<div class=\"elementor-element elementor-element-0a53459 elementor-widget elementor-widget-image\" data-id=\"0a53459\" data-element_type=\"widget\" data-e-type=\"widget\" data-widget_type=\"image.default\">\n\t\t\t\t<div class=\"elementor-widget-container\">\n\t\t\t\t\t\t\t\t\t\t\t\t\t\t\t<img loading=\"lazy\" decoding=\"async\" width=\"1040\" height=\"780\" src=\"https:\/\/krabigrupp.ee\/wp-content\/uploads\/2023\/10\/Vaas4.Pargipingiga-1.jpg\" class=\"attachment-full size-full wp-image-7775\" alt=\"\" srcset=\"https:\/\/krabigrupp.ee\/wp-content\/uploads\/2023\/10\/Vaas4.Pargipingiga-1.jpg 1040w, https:\/\/krabigrupp.ee\/wp-content\/uploads\/2023\/10\/Vaas4.Pargipingiga-1-300x225.jpg 300w, https:\/\/krabigrupp.ee\/wp-content\/uploads\/2023\/10\/Vaas4.Pargipingiga-1-1024x768.jpg 1024w, https:\/\/krabigrupp.ee\/wp-content\/uploads\/2023\/10\/Vaas4.Pargipingiga-1-768x576.jpg 768w, https:\/\/krabigrupp.ee\/wp-content\/uploads\/2023\/10\/Vaas4.Pargipingiga-1-600x450.jpg 600w\" sizes=\"(max-width: 1040px) 100vw, 1040px\" \/>\t\t\t\t\t\t\t\t\t\t\t\t\t\t\t<\/div>\n\t\t\t\t<\/div>\n\t\t\t\t\t<\/div>\n\t\t\t\t<\/div>\n\t\t<div class=\"elementor-element elementor-element-eb17496 e-flex e-con-boxed wpr-particle-no wpr-jarallax-no wpr-parallax-no wpr-sticky-section-no wpr-column-slider-no wpr-equal-height-no e-con e-child\" data-id=\"eb17496\" data-element_type=\"container\" data-e-type=\"container\">\n\t\t\t\t\t<div class=\"e-con-inner\">\n\t\t\t\t<div class=\"elementor-element elementor-element-ee5d501 elementor-widget elementor-widget-heading\" data-id=\"ee5d501\" data-element_type=\"widget\" data-e-type=\"widget\" data-widget_type=\"heading.default\">\n\t\t\t\t<div class=\"elementor-widget-container\">\n\t\t\t\t\t<h4 class=\"elementor-heading-title elementor-size-default\">Concrete: grey granite, wood: walnut wood oil, V\u00f5ru 2018<\/h4>\t\t\t\t<\/div>\n\t\t\t\t<\/div>\n\t\t\t\t<div class=\"elementor-element elementor-element-ba00277 elementor-widget elementor-widget-image\" data-id=\"ba00277\" data-element_type=\"widget\" data-e-type=\"widget\" data-widget_type=\"image.default\">\n\t\t\t\t<div class=\"elementor-widget-container\">\n\t\t\t\t\t\t\t\t\t\t\t\t\t\t\t<img loading=\"lazy\" decoding=\"async\" width=\"1200\" height=\"900\" src=\"https:\/\/krabigrupp.ee\/wp-content\/uploads\/2023\/10\/IMG_0881.jpg\" class=\"attachment-full size-full wp-image-7776\" alt=\"\" srcset=\"https:\/\/krabigrupp.ee\/wp-content\/uploads\/2023\/10\/IMG_0881.jpg 1200w, https:\/\/krabigrupp.ee\/wp-content\/uploads\/2023\/10\/IMG_0881-300x225.jpg 300w, https:\/\/krabigrupp.ee\/wp-content\/uploads\/2023\/10\/IMG_0881-1024x768.jpg 1024w, https:\/\/krabigrupp.ee\/wp-content\/uploads\/2023\/10\/IMG_0881-768x576.jpg 768w, https:\/\/krabigrupp.ee\/wp-content\/uploads\/2023\/10\/IMG_0881-600x450.jpg 600w\" sizes=\"(max-width: 1200px) 100vw, 1200px\" \/>\t\t\t\t\t\t\t\t\t\t\t\t\t\t\t<\/div>\n\t\t\t\t<\/div>\n\t\t\t\t\t<\/div>\n\t\t\t\t<\/div>\n\t\t<div class=\"elementor-element elementor-element-f0f0914 e-flex e-con-boxed wpr-particle-no wpr-jarallax-no wpr-parallax-no wpr-sticky-section-no wpr-column-slider-no wpr-equal-height-no e-con e-child\" data-id=\"f0f0914\" data-element_type=\"container\" data-e-type=\"container\">\n\t\t\t\t\t<div class=\"e-con-inner\">\n\t\t\t\t<div class=\"elementor-element elementor-element-cdadad0 elementor-widget elementor-widget-heading\" data-id=\"cdadad0\" data-element_type=\"widget\" data-e-type=\"widget\" data-widget_type=\"heading.default\">\n\t\t\t\t<div class=\"elementor-widget-container\">\n\t\t\t\t\t<h4 class=\"elementor-heading-title elementor-size-default\">Concrete: grey granite, wood: walnut + lacquer wood finish, Tallinn, Mustam\u00e4e 2015\n<\/h4>\t\t\t\t<\/div>\n\t\t\t\t<\/div>\n\t\t\t\t<div class=\"elementor-element elementor-element-e9ae93a elementor-widget elementor-widget-image\" data-id=\"e9ae93a\" data-element_type=\"widget\" data-e-type=\"widget\" data-widget_type=\"image.default\">\n\t\t\t\t<div class=\"elementor-widget-container\">\n\t\t\t\t\t\t\t\t\t\t\t\t\t\t\t<img loading=\"lazy\" decoding=\"async\" width=\"1040\" height=\"780\" src=\"https:\/\/krabigrupp.ee\/wp-content\/uploads\/2023\/10\/Pink2.Mustamae.jpg\" class=\"attachment-full size-full wp-image-7777\" alt=\"\" srcset=\"https:\/\/krabigrupp.ee\/wp-content\/uploads\/2023\/10\/Pink2.Mustamae.jpg 1040w, https:\/\/krabigrupp.ee\/wp-content\/uploads\/2023\/10\/Pink2.Mustamae-300x225.jpg 300w, https:\/\/krabigrupp.ee\/wp-content\/uploads\/2023\/10\/Pink2.Mustamae-1024x768.jpg 1024w, https:\/\/krabigrupp.ee\/wp-content\/uploads\/2023\/10\/Pink2.Mustamae-768x576.jpg 768w, https:\/\/krabigrupp.ee\/wp-content\/uploads\/2023\/10\/Pink2.Mustamae-600x450.jpg 600w\" sizes=\"(max-width: 1040px) 100vw, 1040px\" \/>\t\t\t\t\t\t\t\t\t\t\t\t\t\t\t<\/div>\n\t\t\t\t<\/div>\n\t\t\t\t\t<\/div>\n\t\t\t\t<\/div>\n\t\t<div class=\"elementor-element elementor-element-43add6c e-flex e-con-boxed wpr-particle-no wpr-jarallax-no wpr-parallax-no wpr-sticky-section-no wpr-column-slider-no wpr-equal-height-no e-con e-child\" data-id=\"43add6c\" data-element_type=\"container\" data-e-type=\"container\">\n\t\t\t\t\t<div class=\"e-con-inner\">\n\t\t\t\t<div class=\"elementor-element elementor-element-9621fc7 elementor-widget elementor-widget-heading\" data-id=\"9621fc7\" data-element_type=\"widget\" data-e-type=\"widget\" data-widget_type=\"heading.default\">\n\t\t\t\t<div class=\"elementor-widget-container\">\n\t\t\t\t\t<h4 class=\"elementor-heading-title elementor-size-default\">Concrete: blackish-grey exposed aggregate concrete, wood: wood finish oak + lacquer, Tartu<\/h4>\t\t\t\t<\/div>\n\t\t\t\t<\/div>\n\t\t\t\t<div class=\"elementor-element elementor-element-806fbca elementor-widget elementor-widget-image\" data-id=\"806fbca\" data-element_type=\"widget\" data-e-type=\"widget\" data-widget_type=\"image.default\">\n\t\t\t\t<div class=\"elementor-widget-container\">\n\t\t\t\t\t\t\t\t\t\t\t\t\t\t\t<img loading=\"lazy\" decoding=\"async\" width=\"1040\" height=\"780\" src=\"https:\/\/krabigrupp.ee\/wp-content\/uploads\/2023\/10\/Pink2.Tartu_.jpg\" class=\"attachment-full size-full wp-image-7778\" alt=\"\" srcset=\"https:\/\/krabigrupp.ee\/wp-content\/uploads\/2023\/10\/Pink2.Tartu_.jpg 1040w, https:\/\/krabigrupp.ee\/wp-content\/uploads\/2023\/10\/Pink2.Tartu_-300x225.jpg 300w, https:\/\/krabigrupp.ee\/wp-content\/uploads\/2023\/10\/Pink2.Tartu_-1024x768.jpg 1024w, https:\/\/krabigrupp.ee\/wp-content\/uploads\/2023\/10\/Pink2.Tartu_-768x576.jpg 768w, https:\/\/krabigrupp.ee\/wp-content\/uploads\/2023\/10\/Pink2.Tartu_-600x450.jpg 600w\" sizes=\"(max-width: 1040px) 100vw, 1040px\" \/>\t\t\t\t\t\t\t\t\t\t\t\t\t\t\t<\/div>\n\t\t\t\t<\/div>\n\t\t\t\t\t<\/div>\n\t\t\t\t<\/div>\n\t\t<div class=\"elementor-element elementor-element-d95d599 e-flex e-con-boxed wpr-particle-no wpr-jarallax-no wpr-parallax-no wpr-sticky-section-no wpr-column-slider-no wpr-equal-height-no e-con e-child\" data-id=\"d95d599\" data-element_type=\"container\" data-e-type=\"container\">\n\t\t\t\t\t<div class=\"e-con-inner\">\n\t\t\t\t<div class=\"elementor-element elementor-element-0d07aaa elementor-widget elementor-widget-heading\" data-id=\"0d07aaa\" data-element_type=\"widget\" data-e-type=\"widget\" data-widget_type=\"heading.default\">\n\t\t\t\t<div class=\"elementor-widget-container\">\n\t\t\t\t\t<h4 class=\"elementor-heading-title elementor-size-default\">Concrete: white granite exposed aggregate concrete, wood: wood finish white + varnish, Tallinn, \u00d5ism\u00e4e\n<\/h4>\t\t\t\t<\/div>\n\t\t\t\t<\/div>\n\t\t\t\t<div class=\"elementor-element elementor-element-46dd1b2 elementor-widget elementor-widget-image\" data-id=\"46dd1b2\" data-element_type=\"widget\" data-e-type=\"widget\" data-widget_type=\"image.default\">\n\t\t\t\t<div class=\"elementor-widget-container\">\n\t\t\t\t\t\t\t\t\t\t\t\t\t\t\t<img loading=\"lazy\" decoding=\"async\" width=\"800\" height=\"600\" src=\"https:\/\/krabigrupp.ee\/wp-content\/uploads\/2023\/10\/pink.nr_.2.2012.1.jpg\" class=\"attachment-full size-full wp-image-7779\" alt=\"\" srcset=\"https:\/\/krabigrupp.ee\/wp-content\/uploads\/2023\/10\/pink.nr_.2.2012.1.jpg 800w, https:\/\/krabigrupp.ee\/wp-content\/uploads\/2023\/10\/pink.nr_.2.2012.1-300x225.jpg 300w, https:\/\/krabigrupp.ee\/wp-content\/uploads\/2023\/10\/pink.nr_.2.2012.1-768x576.jpg 768w, https:\/\/krabigrupp.ee\/wp-content\/uploads\/2023\/10\/pink.nr_.2.2012.1-600x450.jpg 600w\" sizes=\"(max-width: 800px) 100vw, 800px\" \/>\t\t\t\t\t\t\t\t\t\t\t\t\t\t\t<\/div>\n\t\t\t\t<\/div>\n\t\t\t\t\t<\/div>\n\t\t\t\t<\/div>\n\t\t<div class=\"elementor-element elementor-element-75aa8a7 e-flex e-con-boxed wpr-particle-no wpr-jarallax-no wpr-parallax-no wpr-sticky-section-no wpr-column-slider-no wpr-equal-height-no e-con e-child\" data-id=\"75aa8a7\" data-element_type=\"container\" data-e-type=\"container\">\n\t\t\t\t\t<div class=\"e-con-inner\">\n\t\t\t\t<div class=\"elementor-element elementor-element-1b3efa5 elementor-widget elementor-widget-heading\" data-id=\"1b3efa5\" data-element_type=\"widget\" data-e-type=\"widget\" data-widget_type=\"heading.default\">\n\t\t\t\t<div class=\"elementor-widget-container\">\n\t\t\t\t\t<h4 class=\"elementor-heading-title elementor-size-default\">Concrete: grey granite, wood: walnut + lacquer wood finish, South-Estonian Hospital, V\u00f5ru, Estonia<\/h4>\t\t\t\t<\/div>\n\t\t\t\t<\/div>\n\t\t\t\t<div class=\"elementor-element elementor-element-395d2ca elementor-widget elementor-widget-image\" data-id=\"395d2ca\" data-element_type=\"widget\" data-e-type=\"widget\" data-widget_type=\"image.default\">\n\t\t\t\t<div class=\"elementor-widget-container\">\n\t\t\t\t\t\t\t\t\t\t\t\t\t\t\t<img loading=\"lazy\" decoding=\"async\" width=\"1040\" height=\"780\" src=\"https:\/\/krabigrupp.ee\/wp-content\/uploads\/2023\/10\/Pink2.Voru_.jpg\" class=\"attachment-full size-full wp-image-7780\" alt=\"\" srcset=\"https:\/\/krabigrupp.ee\/wp-content\/uploads\/2023\/10\/Pink2.Voru_.jpg 1040w, https:\/\/krabigrupp.ee\/wp-content\/uploads\/2023\/10\/Pink2.Voru_-300x225.jpg 300w, https:\/\/krabigrupp.ee\/wp-content\/uploads\/2023\/10\/Pink2.Voru_-1024x768.jpg 1024w, https:\/\/krabigrupp.ee\/wp-content\/uploads\/2023\/10\/Pink2.Voru_-768x576.jpg 768w, https:\/\/krabigrupp.ee\/wp-content\/uploads\/2023\/10\/Pink2.Voru_-600x450.jpg 600w\" sizes=\"(max-width: 1040px) 100vw, 1040px\" \/>\t\t\t\t\t\t\t\t\t\t\t\t\t\t\t<\/div>\n\t\t\t\t<\/div>\n\t\t\t\t\t<\/div>\n\t\t\t\t<\/div>\n\t\t<div class=\"elementor-element elementor-element-ae3c0b1 e-flex e-con-boxed wpr-particle-no wpr-jarallax-no wpr-parallax-no wpr-sticky-section-no wpr-column-slider-no wpr-equal-height-no e-con e-child\" data-id=\"ae3c0b1\" data-element_type=\"container\" data-e-type=\"container\">\n\t\t\t\t\t<div class=\"e-con-inner\">\n\t\t\t\t<div class=\"elementor-element elementor-element-39e8415 elementor-widget elementor-widget-heading\" data-id=\"39e8415\" data-element_type=\"widget\" data-e-type=\"widget\" data-widget_type=\"heading.default\">\n\t\t\t\t<div class=\"elementor-widget-container\">\n\t\t\t\t\t<h4 class=\"elementor-heading-title elementor-size-default\">V\u00f5ru<\/h4>\t\t\t\t<\/div>\n\t\t\t\t<\/div>\n\t\t\t\t<div class=\"elementor-element elementor-element-bc88405 elementor-widget elementor-widget-image\" data-id=\"bc88405\" data-element_type=\"widget\" data-e-type=\"widget\" data-widget_type=\"image.default\">\n\t\t\t\t<div class=\"elementor-widget-container\">\n\t\t\t\t\t\t\t\t\t\t\t\t\t\t\t<img loading=\"lazy\" decoding=\"async\" width=\"800\" height=\"600\" src=\"https:\/\/krabigrupp.ee\/wp-content\/uploads\/2023\/10\/Pink.nr_.2.1.jpg\" class=\"attachment-full size-full wp-image-7781\" alt=\"\" srcset=\"https:\/\/krabigrupp.ee\/wp-content\/uploads\/2023\/10\/Pink.nr_.2.1.jpg 800w, https:\/\/krabigrupp.ee\/wp-content\/uploads\/2023\/10\/Pink.nr_.2.1-300x225.jpg 300w, https:\/\/krabigrupp.ee\/wp-content\/uploads\/2023\/10\/Pink.nr_.2.1-768x576.jpg 768w, https:\/\/krabigrupp.ee\/wp-content\/uploads\/2023\/10\/Pink.nr_.2.1-600x450.jpg 600w\" sizes=\"(max-width: 800px) 100vw, 800px\" \/>\t\t\t\t\t\t\t\t\t\t\t\t\t\t\t<\/div>\n\t\t\t\t<\/div>\n\t\t\t\t\t<\/div>\n\t\t\t\t<\/div>\n\t\t<div class=\"elementor-element elementor-element-ef391ef e-flex e-con-boxed wpr-particle-no wpr-jarallax-no wpr-parallax-no wpr-sticky-section-no wpr-column-slider-no wpr-equal-height-no e-con e-child\" data-id=\"ef391ef\" data-element_type=\"container\" data-e-type=\"container\">\n\t\t\t\t\t<div class=\"e-con-inner\">\n\t\t\t\t<div class=\"elementor-element elementor-element-1f2a8ef elementor-widget elementor-widget-heading\" data-id=\"1f2a8ef\" data-element_type=\"widget\" data-e-type=\"widget\" data-widget_type=\"heading.default\">\n\t\t\t\t<div class=\"elementor-widget-container\">\n\t\t\t\t\t<h4 class=\"elementor-heading-title elementor-size-default\">Concrete: blackish-brown exposed aggregate concrete, wood: walnut + lacquer wood finish, Tartu<\/h4>\t\t\t\t<\/div>\n\t\t\t\t<\/div>\n\t\t\t\t<div class=\"elementor-element elementor-element-02b3d3e elementor-widget elementor-widget-image\" data-id=\"02b3d3e\" data-element_type=\"widget\" data-e-type=\"widget\" data-widget_type=\"image.default\">\n\t\t\t\t<div class=\"elementor-widget-container\">\n\t\t\t\t\t\t\t\t\t\t\t\t\t\t\t<img loading=\"lazy\" decoding=\"async\" width=\"1040\" height=\"780\" src=\"https:\/\/krabigrupp.ee\/wp-content\/uploads\/2023\/10\/pink2.pruungraniit.jpg\" class=\"attachment-full size-full wp-image-7782\" alt=\"\" srcset=\"https:\/\/krabigrupp.ee\/wp-content\/uploads\/2023\/10\/pink2.pruungraniit.jpg 1040w, https:\/\/krabigrupp.ee\/wp-content\/uploads\/2023\/10\/pink2.pruungraniit-300x225.jpg 300w, https:\/\/krabigrupp.ee\/wp-content\/uploads\/2023\/10\/pink2.pruungraniit-1024x768.jpg 1024w, https:\/\/krabigrupp.ee\/wp-content\/uploads\/2023\/10\/pink2.pruungraniit-768x576.jpg 768w, https:\/\/krabigrupp.ee\/wp-content\/uploads\/2023\/10\/pink2.pruungraniit-600x450.jpg 600w\" sizes=\"(max-width: 1040px) 100vw, 1040px\" \/>\t\t\t\t\t\t\t\t\t\t\t\t\t\t\t<\/div>\n\t\t\t\t<\/div>\n\t\t\t\t\t<\/div>\n\t\t\t\t<\/div>\n\t\t<div class=\"elementor-element elementor-element-e861c0e e-flex e-con-boxed wpr-particle-no wpr-jarallax-no wpr-parallax-no wpr-sticky-section-no wpr-column-slider-no wpr-equal-height-no e-con e-child\" data-id=\"e861c0e\" data-element_type=\"container\" data-e-type=\"container\">\n\t\t\t\t\t<div class=\"e-con-inner\">\n\t\t\t\t<div class=\"elementor-element elementor-element-fb28715 elementor-widget elementor-widget-heading\" data-id=\"fb28715\" data-element_type=\"widget\" data-e-type=\"widget\" data-widget_type=\"heading.default\">\n\t\t\t\t<div class=\"elementor-widget-container\">\n\t\t\t\t\t<h4 class=\"elementor-heading-title elementor-size-default\">Concrete: brown exposed aggregate concrete, wood: wood finish walnut + lacquer, Kohila 2014\n<\/h4>\t\t\t\t<\/div>\n\t\t\t\t<\/div>\n\t\t\t\t<div class=\"elementor-element elementor-element-c79727a elementor-widget elementor-widget-image\" data-id=\"c79727a\" data-element_type=\"widget\" data-e-type=\"widget\" data-widget_type=\"image.default\">\n\t\t\t\t<div class=\"elementor-widget-container\">\n\t\t\t\t\t\t\t\t\t\t\t\t\t\t\t<img loading=\"lazy\" decoding=\"async\" width=\"960\" height=\"720\" src=\"https:\/\/krabigrupp.ee\/wp-content\/uploads\/2023\/10\/Pink2.Kohila.jpg\" class=\"attachment-full size-full wp-image-7783\" alt=\"\" srcset=\"https:\/\/krabigrupp.ee\/wp-content\/uploads\/2023\/10\/Pink2.Kohila.jpg 960w, https:\/\/krabigrupp.ee\/wp-content\/uploads\/2023\/10\/Pink2.Kohila-300x225.jpg 300w, https:\/\/krabigrupp.ee\/wp-content\/uploads\/2023\/10\/Pink2.Kohila-768x576.jpg 768w, https:\/\/krabigrupp.ee\/wp-content\/uploads\/2023\/10\/Pink2.Kohila-600x450.jpg 600w\" sizes=\"(max-width: 960px) 100vw, 960px\" \/>\t\t\t\t\t\t\t\t\t\t\t\t\t\t\t<\/div>\n\t\t\t\t<\/div>\n\t\t\t\t\t<\/div>\n\t\t\t\t<\/div>\n\t\t\t\t\t<\/div>\n\t\t\t\t<\/div>\n\t\t\t\t\t<\/div>\n\t\t\t\t<\/div>\n\t\t\t\t<\/div>\n\t\t","protected":false},"excerpt":{"rendered":"<p>A beautiful, affordable, comfortable bench with a strong construction. Photos Concrete: light grey exposed aggregate concrete, wood: rowan wood oil, Tallinn 2017 Concrete: grey granite exposed aggregate concrete, wood: walnut wood oil, Harju County, Peetri 2008 Turba, Harju County 2016 Concrete: grey granite, wood: walnut wood oil, V\u00f5ru 2018 Concrete: grey granite, wood: walnut + lacquer wood finish, Tallinn, Mustam\u00e4e 2015 Concrete: blackish-grey exposed aggregate concrete, wood: wood finish oak + lacquer, Tartu Concrete: white granite exposed aggregate concrete, wood: wood finish white + varnish, Tallinn, \u00d5ism\u00e4e Concrete: grey granite, wood: walnut + lacquer wood finish, South-Estonian Hospital, V\u00f5ru, Estonia V\u00f5ru Concrete: blackish-brown exposed aggregate concrete, wood: walnut + lacquer wood finish, Tartu Concrete: brown exposed aggregate concrete, wood: wood finish walnut + lacquer, Kohila 2014<\/p>\n","protected":false},"author":3,"featured_media":0,"parent":0,"menu_order":0,"comment_status":"closed","ping_status":"closed","template":"","meta":{"footnotes":""},"class_list":["post-8433","page","type-page","status-publish","hentry"],"_links":{"self":[{"href":"https:\/\/krabigrupp.ee\/en\/wp-json\/wp\/v2\/pages\/8433","targetHints":{"allow":["GET"]}}],"collection":[{"href":"https:\/\/krabigrupp.ee\/en\/wp-json\/wp\/v2\/pages"}],"about":[{"href":"https:\/\/krabigrupp.ee\/en\/wp-json\/wp\/v2\/types\/page"}],"author":[{"embeddable":true,"href":"https:\/\/krabigrupp.ee\/en\/wp-json\/wp\/v2\/users\/3"}],"replies":[{"embeddable":true,"href":"https:\/\/krabigrupp.ee\/en\/wp-json\/wp\/v2\/comments?post=8433"}],"version-history":[{"count":6,"href":"https:\/\/krabigrupp.ee\/en\/wp-json\/wp\/v2\/pages\/8433\/revisions"}],"predecessor-version":[{"id":9067,"href":"https:\/\/krabigrupp.ee\/en\/wp-json\/wp\/v2\/pages\/8433\/revisions\/9067"}],"wp:attachment":[{"href":"https:\/\/krabigrupp.ee\/en\/wp-json\/wp\/v2\/media?parent=8433"}],"curies":[{"name":"wp","href":"https:\/\/api.w.org\/{rel}","templated":true}]}}